{"id":1349,"date":"2025-02-05T16:35:01","date_gmt":"2025-02-05T16:35:01","guid":{"rendered":"https:\/\/aduc.org.ar\/wpl\/?page_id=1349"},"modified":"2025-02-05T19:41:37","modified_gmt":"2025-02-05T19:41:37","slug":"nosotros","status":"publish","type":"page","link":"https:\/\/aduc.org.ar\/wpl\/index.php\/nosotros\/","title":{"rendered":"Nosotros"},"content":{"rendered":"\n<p>ADUC es una Asociaci\u00f3n Civil sin fines de lucro nacida bajo el amparo de la Ley 24.240 e inscrita en el Registro Nacional de Asociaciones de Consumidores y en el Registro de Asociaciones en el \u00e1mbito de la Ciudad Aut\u00f3noma de Buenos Aires.<\/p>\n\n\n\n<p>Nuestro rumbo es, en un marco \u00e9tico y respetando los objetivos fundacionales de la Ley 24240, LA DEFENSA Y PROTECCI\u00d3N CONSTANTE DE LOS DERECHOS DE USUARIOS YCONSUMIDORES argentinos que se ven en situaci\u00f3n de desventaja al quedar expuestos a pr\u00e1cticas inseguras, injustas o poco \u00e9ticas por parte de empresas prestadoras de bienes o servicios.<\/p>\n\n\n\n<ul class=\"wp-block-list\">\n<li>Servimos de cauce de las reivindicaciones del conjunto de consumidores y usuarios en la necesidad de una mejora en la calidad de vida de los ciudadanos.<\/li>\n<\/ul>\n\n\n\n<ul class=\"wp-block-list\">\n<li>Defendemos los intereses y los derechos individuales y colectivos de los consumidores y usuarios.<\/li>\n<\/ul>\n\n\n\n<ul class=\"wp-block-list\">\n<li>Como integrante de La Comisi\u00f3n de Usuarios y de la Sindicatura de Usuarios ERAS(Ente Regulador de Aguas y Saneamiento), ENACOM (Ente Nacional de Comunicaciones), ENERGAS (Ente Nacional Regulador del Gas), ENRE (Ente Nacional Regulador de la Electricidad), CNRT (Comisi\u00f3n Nacional de Regulaci\u00f3n del Transporte), BAconsumidor y la Comisi\u00f3n de Usuarios del Ente \u00danico Regulador de Servicios Publicos, donde la Dra. Laura Defilippi es coordinadora de la misma, ADUC representa ante estos entes los intereses y derechos que afecten directa o indirectamente a los usuarios de servicios, trabajando para avanzar, monitorear y garantizar el cumplimiento de las normas vigentes por parte de todos los actores involucrados, dentro de las atribuciones que la Constituci\u00f3n Nacional y la Ley 24.240 nos atribuye. En las Comisiones y Sindicaturas se promueve el debate y el empoderamiento de los consumidores, para dar soluciones y mejoras a los sectores m\u00e1s vulnerables en relaci\u00f3n con el acceso a servicios esenciales, enriqueciendo as\u00ed la interacci\u00f3n con los distintos Organismos.<\/li>\n<\/ul>\n\n\n\n<p>Asistencia a los muchos CONSEJOS CONSULTIVOS DE LOS CONSUMIDORES EN EL MINISTERIO DE PRODUCCION. All\u00ed dictaminamos sobre todo lo vinculado con la protecci\u00f3n del consumidor, la defensa de la competencia, la pol\u00edtica de precios, a la observancia de las normas que regulan la garant\u00eda de calidad, la responsabilidad frente al consumidor por parte de fabricantes, intermediarios y comercializadores de bienes y servicios y todo aquello que tienda a la transparencia del mercado, en resguardo del inter\u00e9s econ\u00f3mico general Asistencia a los muchos CONSEJOS CONSULTIVOS DE LOS CONSUMIDORES EN EL MINISTERIO DE PRODUCCION. All\u00ed dictaminamos sobre todo lo vinculado con la protecci\u00f3n del consumidor, la defensa de la competencia, la pol\u00edtica de precios, a la observancia de las normas que regulan la garant\u00eda de calidad, la responsabilidad frente al consumidor por parte de fabricantes, intermediarios y comercializadores de bienes y servicios y todo aquello que tienda a la transparencia del mercado, en resguardo del inter\u00e9s econ\u00f3mico general.<\/p>\n\n\n\n<figure class=\"wp-block-image\"><img loading=\"lazy\" decoding=\"async\" width=\"1200\" height=\"1600\" src=\"https:\/\/aduc.org.ar\/wpl\/wp-content\/uploads\/2023\/08\/fots-proyecto-2022-1.jpg\" alt=\"\" class=\"wp-image-1129\" srcset=\"https:\/\/aduc.org.ar\/wpl\/wp-content\/uploads\/2023\/08\/fots-proyecto-2022-1.jpg 1200w, https:\/\/aduc.org.ar\/wpl\/wp-content\/uploads\/2023\/08\/fots-proyecto-2022-1-225x300.jpg 225w, https:\/\/aduc.org.ar\/wpl\/wp-content\/uploads\/2023\/08\/fots-proyecto-2022-1-768x1024.jpg 768w\" sizes=\"auto, (max-width: 1200px) 100vw, 1200px\" \/><\/figure>\n\n\n\n<p><br>Hacemos recorridas por distintos puntos neur\u00e1lgicos informando sobre los derechos de los consumidores, circunstancias de tiempo y lugar, salud, bienestar y en querer ser felices, en vez de ricos para triunfar en la sociedad de consumo,ya que as\u00ed las cosas en vez de precio tendr\u00edan valor. Se debe educar de modo tal que puedan analizar de manera inteligente y critica las publicidades que crean necesidades que ni ellos consideran tener, sobre los roles asignados hist\u00f3ricamente, como as\u00ed tambi\u00e9n en ser inteligentes en t\u00e9rminos econ\u00f3micos y sustentables al consumir.<\/p>\n\n\n\n<figure class=\"wp-block-image\"><img loading=\"lazy\" decoding=\"async\" width=\"739\" height=\"554\" src=\"https:\/\/aduc.org.ar\/wpl\/wp-content\/uploads\/2025\/02\/1.png\" alt=\"\" class=\"wp-image-1357\" srcset=\"https:\/\/aduc.org.ar\/wpl\/wp-content\/uploads\/2025\/02\/1.png 739w, https:\/\/aduc.org.ar\/wpl\/wp-content\/uploads\/2025\/02\/1-300x225.png 300w, https:\/\/aduc.org.ar\/wpl\/wp-content\/uploads\/2025\/02\/1-285x214.png 285w\" sizes=\"auto, (max-width: 739px) 100vw, 739px\" \/><\/figure>\n\n\n\n<figure class=\"wp-block-image\"><img loading=\"lazy\" decoding=\"async\" width=\"768\" height=\"1024\" src=\"https:\/\/aduc.org.ar\/wpl\/wp-content\/uploads\/2025\/02\/aduc.png\" alt=\"\" class=\"wp-image-1356\" srcset=\"https:\/\/aduc.org.ar\/wpl\/wp-content\/uploads\/2025\/02\/aduc.png 768w, https:\/\/aduc.org.ar\/wpl\/wp-content\/uploads\/2025\/02\/aduc-225x300.png 225w\" sizes=\"auto, (max-width: 768px) 100vw, 768px\" \/><\/figure>\n\n\n\n<p><br>Informamos que si se navega en sitios donde quedan registrados los datos personales, no se deben usar equipos p\u00fablicos o de terceras personas. En sitios desconocidos, formularios que llegan a trav\u00e9s del correo electr\u00f3nico, no se debe ingresar ning\u00fan dato personal ya que pueden ser fraudulentos. Si se contactan por tel\u00e9fono, correo electr\u00f3nico, redes sociales, whats app o mensaje de texto, no hay que brindar datos personales.<\/p>\n\n\n\n<figure class=\"wp-block-image\"><img loading=\"lazy\" decoding=\"async\" width=\"733\" height=\"978\" src=\"https:\/\/aduc.org.ar\/wpl\/wp-content\/uploads\/2025\/02\/2.png\" alt=\"\" class=\"wp-image-1358\" srcset=\"https:\/\/aduc.org.ar\/wpl\/wp-content\/uploads\/2025\/02\/2.png 733w, https:\/\/aduc.org.ar\/wpl\/wp-content\/uploads\/2025\/02\/2-225x300.png 225w\" sizes=\"auto, (max-width: 733px) 100vw, 733px\" \/><\/figure>\n\n\n\n<ul class=\"wp-block-list\">\n<li>Promovemos actitudes y comportamientos autogesti\u00f3n, conducentes a una alimentaci\u00f3n saludable mediante el desarrollo de una cultura de sostenibilidad, para lo cual realizamos el rescate de saberes ancestrales cuyos conocimientos demostraron eficacia.<\/li>\n<\/ul>\n\n\n\n<ul class=\"wp-block-list\">\n<li>Concientizamos sobre que la Argentina es capaz de alcanzar un desarrollo social y econ\u00f3mico inclusivo, solidario, estable y din\u00e1mico.<\/li>\n<\/ul>\n\n\n\n<ul class=\"wp-block-list\">\n<li>Ense\u00f1amos a producir alimentos como as\u00ed tambi\u00e9n la importancia de consumir alimentos de estaci\u00f3n. De esta manera se evitan los productos qu\u00edmicos que se le ponen a los alimentos para que se conserven por m\u00e1s tiempo y a su vez nos brindan todos los minerales y vitaminas que nuestro cuerpo necesita en cada \u00e9poca del a\u00f1o.<\/li>\n<\/ul>\n\n\n\n<ul class=\"wp-block-list\">\n<li>Promovemos la autogesti\u00f3n alimentaria, que se puede realizar a trav\u00e9s de huertas familiares, comunitarias y escolares, macetas auto regables, y jardines verticales (que ense\u00f1amos y brindamos materiales para desarrollarlas) y es un valor muy preciado hacia nuestro bienestar personal y a su vez es un refugio natural para laflora y fauna aut\u00f3ctonas. Tambi\u00e9n educamos sobre apicultura y sobre los beneficios de las gallinas ponedoras de huevos. Tambi\u00e9n ense\u00f1amos a cocinar.<\/li>\n<\/ul>\n\n\n\n<figure class=\"wp-block-image\"><img loading=\"lazy\" decoding=\"async\" width=\"1600\" height=\"1200\" src=\"https:\/\/aduc.org.ar\/wpl\/wp-content\/uploads\/2023\/08\/Difusion-colegio.jpg\" alt=\"\" class=\"wp-image-1132\" srcset=\"https:\/\/aduc.org.ar\/wpl\/wp-content\/uploads\/2023\/08\/Difusion-colegio.jpg 1600w, https:\/\/aduc.org.ar\/wpl\/wp-content\/uploads\/2023\/08\/Difusion-colegio-300x225.jpg 300w, https:\/\/aduc.org.ar\/wpl\/wp-content\/uploads\/2023\/08\/Difusion-colegio-768x576.jpg 768w, https:\/\/aduc.org.ar\/wpl\/wp-content\/uploads\/2023\/08\/Difusion-colegio-1024x768.jpg 1024w, https:\/\/aduc.org.ar\/wpl\/wp-content\/uploads\/2023\/08\/Difusion-colegio-285x214.jpg 285w\" sizes=\"auto, (max-width: 1600px) 100vw, 1600px\" \/><\/figure>\n\n\n\n<p><br>Educamos sobre seguridad financiera, brindando conocimientos sobre el dinero, lo que genera confianza, autocontrol y motivaci\u00f3n para la toma de decisiones a futuro, favoreciendo la igualdad de oportunidades. Es necesario educar sobre la importancia y el valor del mismo, la planificaci\u00f3n financiera, el ahorro y tambi\u00e9n como evitar las deudas. Explicamos la importancia de administrar las tarjetas de cr\u00e9dito inteligentemente, a tomar recaudos en los cajeros autom\u00e1ticos como asi tambi\u00e9n cuando se realizan compras online.<\/p>\n\n\n\n<p><br>Informamos que los cobros en tarjeta deber\u00e1n hacerse siempre en frente del consumidor, debiendo los comercios poner a disposici\u00f3n del cliente una terminal de pago.<\/p>\n\n\n\n<p><br>Intentamos desvirtuar el modelo cultural que justifica la satisfacci\u00f3n inmediata de los siempre renovados e insostenibles patrones sociales de consumo. Concientizamos sobre como nuestras emociones nos llevan a realizar compras innecesarias.<\/p>\n\n\n\n<ul class=\"wp-block-list\">\n<li>Hacemos recorridas por distintos supermercados y mostramos cuando se cumple o no con la ley de etiquetado frontal. Informamos sobre los SELLOS EN LA CARA PRINCIPAL, sobre cuales alimentos son mas econ\u00f3micos o rendidores como asi tambi\u00e9n los mas sanos. Informamos sobre promociones bancarias y las diferencias de oresion entre los supermercados minoristas y los mayoristas.<\/li>\n<\/ul>\n\n\n\n<ul class=\"wp-block-list\">\n<li>Advertimos sobre los excesos de: az\u00facares, sodio, grasas saturadas, grasas totales y calor\u00edas.<\/li>\n<\/ul>\n\n\n\n<ul class=\"wp-block-list\">\n<li>Analizamos el rotulado nutricional para poder interpretarlo al momento de comprar alimentos.<\/li>\n<\/ul>\n\n\n\n<figure class=\"wp-block-image\"><img loading=\"lazy\" decoding=\"async\" width=\"1013\" height=\"1600\" src=\"https:\/\/aduc.org.ar\/wpl\/wp-content\/uploads\/2025\/02\/4.png\" alt=\"\" class=\"wp-image-1359\" srcset=\"https:\/\/aduc.org.ar\/wpl\/wp-content\/uploads\/2025\/02\/4.png 1013w, https:\/\/aduc.org.ar\/wpl\/wp-content\/uploads\/2025\/02\/4-190x300.png 190w, https:\/\/aduc.org.ar\/wpl\/wp-content\/uploads\/2025\/02\/4-648x1024.png 648w, https:\/\/aduc.org.ar\/wpl\/wp-content\/uploads\/2025\/02\/4-768x1213.png 768w, https:\/\/aduc.org.ar\/wpl\/wp-content\/uploads\/2025\/02\/4-972x1536.png 972w\" sizes=\"auto, (max-width: 1013px) 100vw, 1013px\" \/><\/figure>\n\n\n\n<p><br>Respecto a la declaraci\u00f3n de cantidad de az\u00facares, a modo ejemplificador se muestran distintos alimentos y la cantidad de azucares que contienen equivalentes a terrones de az\u00facar para que se puedan evaluar las opciones de azucares al consumir, respecto a las prohibiciones en envases tomamos el caso de los cereales y derivados que estar\u00edan dentro del grupo de carbohidratos complejos, los cereales que se publicitado durante a\u00f1os mediante personajes animados para el desayuno de los ni\u00f1os y ni\u00f1as llevan much\u00edsimos az\u00facares a\u00f1adidos.<\/p>\n\n\n\n<figure class=\"wp-block-image\"><img loading=\"lazy\" decoding=\"async\" width=\"1170\" height=\"1388\" src=\"https:\/\/aduc.org.ar\/wpl\/wp-content\/uploads\/2025\/02\/6.png\" alt=\"\" class=\"wp-image-1361\" srcset=\"https:\/\/aduc.org.ar\/wpl\/wp-content\/uploads\/2025\/02\/6.png 1170w, https:\/\/aduc.org.ar\/wpl\/wp-content\/uploads\/2025\/02\/6-253x300.png 253w, https:\/\/aduc.org.ar\/wpl\/wp-content\/uploads\/2025\/02\/6-863x1024.png 863w, https:\/\/aduc.org.ar\/wpl\/wp-content\/uploads\/2025\/02\/6-768x911.png 768w\" sizes=\"auto, (max-width: 1170px) 100vw, 1170px\" \/><\/figure>\n\n\n\n<figure class=\"wp-block-image\"><img loading=\"lazy\" decoding=\"async\" width=\"583\" height=\"691\" src=\"https:\/\/aduc.org.ar\/wpl\/wp-content\/uploads\/2025\/02\/5.png\" alt=\"\" class=\"wp-image-1360\" srcset=\"https:\/\/aduc.org.ar\/wpl\/wp-content\/uploads\/2025\/02\/5.png 583w, https:\/\/aduc.org.ar\/wpl\/wp-content\/uploads\/2025\/02\/5-253x300.png 253w\" sizes=\"auto, (max-width: 583px) 100vw, 583px\" \/><\/figure>\n\n\n\n<p><br>Promovemos la simplicidad voluntaria, que abraza la moderaci\u00f3n del consumo, con un fuerte sentido de urgencia ambiental y una intenci\u00f3n de realizar nuestro mayor potencial humano en comunidad con los dem\u00e1s, reduciendo nuestra huella ambiental. Se trata de desvirtuar y dejar de lado el modelo de consumo lineal que justifica la satisfacci\u00f3n inmediata de los siempre renovados impulsos sociales de consumo. Actos peque\u00f1os, como decidir no comprar art\u00edculos innecesarios, pueden tener un gran impacto. Reducir la cantidad de productos comprados reduce la demanda, lo que reduce la cantidad de producto fabricado para satisfacer dicha demanda. Esta reducci\u00f3n en la producci\u00f3n reduce inherentemente la cantidad de recursos naturales que se utilizan normalmente en el proceso de fabricaci\u00f3n.<\/p>\n\n\n\n<p>SOLAPA TIPS DE AHORRO<\/p>\n\n\n\n<ul class=\"wp-block-list\">\n<li>Ayudamos a ahorrar para que los consumidores puedan acceder a reembolsos en las compras online y m\u00faltiples ventajas. Brindamos informaci\u00f3n y ofertas para tener m\u00e1s informaci\u00f3n a la hora de tomar tus decisiones como consumidor, ser m\u00e1s consciente y ejercer tus derechos al m\u00e1ximo.<\/li>\n<\/ul>\n\n\n\n<p>LUDOPATIA<\/p>\n\n\n\n<ul class=\"wp-block-list\">\n<li> Advertimos sobre la ludopat\u00eda, que hasta hace a\u00f1os parec\u00eda ser que afectaba \u00fanicamente a los adultos, pero hoy en d\u00eda tambi\u00e9n tienen adicci\u00f3n al juego personas menores de edad. Al igual que los adultos, se manifiesta a trav\u00e9s de\u00a0comportamientos compulsivos\u00a0alrededor del consumo de\u00a0juegos de azar, videojuegos, apuestas en l\u00ednea, entre otros. El inconveniente central es que la idea de juego es inherente a la infancia y eso hace que, tras un halo de simple e inocente diversi\u00f3n, se encuentren peligros muy significativos. La estrategia de cambio de imagen y de banalizar el peligro es similar a la de uso de la denominaci\u00f3n \u201cdrogas recreativas\u201d, porque el consumo se da en ambientes tambi\u00e9n festivos.Pero m\u00e1s all\u00e1 de los peligros expl\u00edcitos y que en el caso de los challenges implican lesiones graves e inclusive la muerte, los juegos de apuestas tienen consecuencias econ\u00f3micas que impactan de lleno en el entorno familiar y hasta llevan a actitudes promotoras de comportamientos delictivos (mentiras, enga\u00f1os, solicitar dinero para una actividad escolar pero destinarla a juego, etc.) o directamente conductas delictivas. Es que la ludopat\u00eda es una enfermedad con consecuencias graves para el psiquismo del ni\u00f1o e implica conductas adictivas pasibles de trasladarse en cuanto a los sistemas de recompensa inmediatos.<\/li>\n<\/ul>\n","protected":false},"excerpt":{"rendered":"<p>ADUC es una Asociaci\u00f3n Civil sin fines de lucro nacida bajo el amparo de la Ley 24.240 e inscrita en el Registro Nacional de Asociaciones de Consumidores y en el Registro de Asociaciones en el \u00e1mbito de la Ciudad Aut\u00f3noma de Buenos Aires. Nuestro rumbo es, en un marco \u00e9tico y respetando los objetivos fundacionales <a href=\"https:\/\/aduc.org.ar\/wpl\/index.php\/nosotros\/\" rel=\"nofollow\"><span class=\"sr-only\">Leer m\u00e1sNosotros<\/span>[&hellip;]<\/a><\/p>\n","protected":false},"author":3,"featured_media":0,"parent":0,"menu_order":0,"comment_status":"closed","ping_status":"closed","template":"","meta":{"footnotes":""},"class_list":["post-1349","page","type-page","status-publish","hentry"],"_links":{"self":[{"href":"https:\/\/aduc.org.ar\/wpl\/index.php\/wp-json\/wp\/v2\/pages\/1349","targetHints":{"allow":["GET"]}}],"collection":[{"href":"https:\/\/aduc.org.ar\/wpl\/index.php\/wp-json\/wp\/v2\/pages"}],"about":[{"href":"https:\/\/aduc.org.ar\/wpl\/index.php\/wp-json\/wp\/v2\/types\/page"}],"author":[{"embeddable":true,"href":"https:\/\/aduc.org.ar\/wpl\/index.php\/wp-json\/wp\/v2\/users\/3"}],"replies":[{"embeddable":true,"href":"https:\/\/aduc.org.ar\/wpl\/index.php\/wp-json\/wp\/v2\/comments?post=1349"}],"version-history":[{"count":2,"href":"https:\/\/aduc.org.ar\/wpl\/index.php\/wp-json\/wp\/v2\/pages\/1349\/revisions"}],"predecessor-version":[{"id":1363,"href":"https:\/\/aduc.org.ar\/wpl\/index.php\/wp-json\/wp\/v2\/pages\/1349\/revisions\/1363"}],"wp:attachment":[{"href":"https:\/\/aduc.org.ar\/wpl\/index.php\/wp-json\/wp\/v2\/media?parent=1349"}],"curies":[{"name":"wp","href":"https:\/\/api.w.org\/{rel}","templated":true}]}}